{"id":646,"date":"2021-07-14T20:32:59","date_gmt":"2021-07-14T19:32:59","guid":{"rendered":"https:\/\/memmingen-live.de\/?page_id=646"},"modified":"2026-01-28T15:56:25","modified_gmt":"2026-01-28T14:56:25","slug":"geschaeftsstelle","status":"publish","type":"page","link":"https:\/\/kinderschutzbund-memmingen-unterallgaeu.de\/index.php\/geschaeftsstelle\/","title":{"rendered":"Gesch\u00e4ftsstelle"},"content":{"rendered":"\n<h2 class=\"wp-block-heading\">Unsere Gesch\u00e4ftsstelle in der Herrenstra\u00dfe<\/h2>\n\n\n\n<p>In der Gesch\u00e4ftsstelle in der Herrenstra\u00dfe 22 in Memmingen laufen alle F\u00e4den zusammen. Kompetente Mitarbeiter beraten Sie und geben Ihnen Auskunft auf Ihre Fragen.<\/p>\n\n\n\n<p>Die \u00d6ffnungszeiten sind Montag bis Mittwoch jeweils von 9.00 &#8211; 11.30 Uhr.<\/p>\n\n\n\n<p> Sie erreichen uns unter der Telefonnummer 08331\/84858.<\/p>\n\n\n<div class=\"wp-block-image\">\n<figure class=\"alignleft size-full\"><img loading=\"lazy\" decoding=\"async\" width=\"500\" height=\"375\" src=\"https:\/\/dev1.boeckh.de\/wp-content\/uploads\/2024\/12\/Geschaeftsstelle.jpg\" alt=\"\" class=\"wp-image-1162\" srcset=\"https:\/\/kinderschutzbund-memmingen-unterallgaeu.de\/wp-content\/uploads\/2024\/12\/Geschaeftsstelle.jpg 500w, https:\/\/kinderschutzbund-memmingen-unterallgaeu.de\/wp-content\/uploads\/2024\/12\/Geschaeftsstelle-300x225.jpg 300w\" sizes=\"auto, (max-width: 500px) 100vw, 500px\" \/><figcaption class=\"wp-element-caption\"><br>Die Gesch\u00e4ftsstelle des Kinderschutzbundes in der Herrenstra\u00dfe in Memmingen<\/figcaption><\/figure>\n<\/div>","protected":false},"excerpt":{"rendered":"<p>Unsere Gesch\u00e4ftsstelle in der Herrenstra\u00dfe In der Gesch\u00e4ftsstelle in der Herrenstra\u00dfe 22 in Memmingen laufen alle F\u00e4den zusammen. Kompetente Mitarbeiter beraten Sie und geben Ihnen Auskunft auf Ihre Fragen. Die \u00d6ffnungszeiten sind Montag bis Mittwoch jeweils von 9.00 &#8211; 11.30<\/p>\n","protected":false},"author":3,"featured_media":0,"parent":0,"menu_order":0,"comment_status":"closed","ping_status":"closed","template":"","meta":{"footnotes":""},"class_list":["post-646","page","type-page","status-publish","hentry"],"_links":{"self":[{"href":"https:\/\/kinderschutzbund-memmingen-unterallgaeu.de\/index.php\/wp-json\/wp\/v2\/pages\/646","targetHints":{"allow":["GET"]}}],"collection":[{"href":"https:\/\/kinderschutzbund-memmingen-unterallgaeu.de\/index.php\/wp-json\/wp\/v2\/pages"}],"about":[{"href":"https:\/\/kinderschutzbund-memmingen-unterallgaeu.de\/index.php\/wp-json\/wp\/v2\/types\/page"}],"author":[{"embeddable":true,"href":"https:\/\/kinderschutzbund-memmingen-unterallgaeu.de\/index.php\/wp-json\/wp\/v2\/users\/3"}],"replies":[{"embeddable":true,"href":"https:\/\/kinderschutzbund-memmingen-unterallgaeu.de\/index.php\/wp-json\/wp\/v2\/comments?post=646"}],"version-history":[{"count":3,"href":"https:\/\/kinderschutzbund-memmingen-unterallgaeu.de\/index.php\/wp-json\/wp\/v2\/pages\/646\/revisions"}],"predecessor-version":[{"id":1222,"href":"https:\/\/kinderschutzbund-memmingen-unterallgaeu.de\/index.php\/wp-json\/wp\/v2\/pages\/646\/revisions\/1222"}],"wp:attachment":[{"href":"https:\/\/kinderschutzbund-memmingen-unterallgaeu.de\/index.php\/wp-json\/wp\/v2\/media?parent=646"}],"curies":[{"name":"wp","href":"https:\/\/api.w.org\/{rel}","templated":true}]}}